{"id":231,"date":"2023-04-25T20:07:04","date_gmt":"2023-04-25T18:07:04","guid":{"rendered":"https:\/\/www.dbg-online.org\/vorstand\/"},"modified":"2025-07-14T14:01:40","modified_gmt":"2025-07-14T12:01:40","slug":"board-of-directors","status":"publish","type":"page","link":"https:\/\/www.dbg-online.org\/en\/about\/board-of-directors\/","title":{"rendered":"Governing Board"},"content":{"rendered":"\n<h2 class=\"wp-block-heading\">Piet Mumm<\/h2>\n\n\n\n<h3 class=\"wp-block-heading\">Chair of the Board<\/h3>\n\n\n\n<div class=\"wp-block-media-text alignwide is-stacked-on-mobile\"><figure class=\"wp-block-media-text__media\"><img loading=\"lazy\" decoding=\"async\" width=\"1024\" height=\"681\" src=\"https:\/\/www.dbg-online.org\/wp-content\/uploads\/2025\/01\/2024_MF_Piet-Mumm-1-1024x681.jpg\" alt=\"\" class=\"wp-image-5160 size-full\" srcset=\"https:\/\/www.dbg-online.org\/wp-content\/uploads\/2025\/01\/2024_MF_Piet-Mumm-1-1024x681.jpg 1024w, https:\/\/www.dbg-online.org\/wp-content\/uploads\/2025\/01\/2024_MF_Piet-Mumm-1-300x200.jpg 300w, https:\/\/www.dbg-online.org\/wp-content\/uploads\/2025\/01\/2024_MF_Piet-Mumm-1-768x511.jpg 768w, https:\/\/www.dbg-online.org\/wp-content\/uploads\/2025\/01\/2024_MF_Piet-Mumm-1-1536x1022.jpg 1536w, https:\/\/www.dbg-online.org\/wp-content\/uploads\/2025\/01\/2024_MF_Piet-Mumm-1.jpg 2000w\" sizes=\"auto, (max-width: 1024px) 100vw, 1024px\" \/><\/figure><div class=\"wp-block-media-text__content\">\n<p>On 5.5.2023, Piet Mumm took over the office of chairman of the German-Belarusian Society.<\/p>\n\n\n\n<p>He was one of the first six German community service volunteers in Belarus. As a volunteer for Aktion S\u00fchnezeichen \/ Friedensdienste, he worked for two years in a kindergarten in Minsk.<\/p>\n\n\n\n<p>After studying law in Regensburg and Berlin, he worked in Almaty and Zurich, among other places. Today he works as a lawyer and lives with his family in Berlin.<\/p>\n<\/div><\/div>\n\n\n\n<div class=\"wp-block-group is-layout-constrained wp-block-group-is-layout-constrained\">\n<div class=\"wp-block-columns is-layout-flex wp-container-core-columns-is-layout-9d6595d7 wp-block-columns-is-layout-flex\">\n<div class=\"wp-block-column is-layout-flow wp-block-column-is-layout-flow\">\n<p><\/p>\n<\/div>\n<\/div>\n<\/div>\n\n\n\n<h2 class=\"wp-block-heading\">Fred Dorn<\/h2>\n\n\n\n<h3 class=\"wp-block-heading\">Deputy Chair of the Board<\/h3>\n\n\n\n<div class=\"wp-block-media-text alignwide has-media-on-the-right is-stacked-on-mobile\"><div class=\"wp-block-media-text__content\">\n<p>Fred Dorn is Vice-Chairman of the German-Belarusian Society.<\/p>\n\n\n\n<p>He studied Protestant theology and social sciences. In the 1990s he was involved in Protestant adult education, especially in Belarus, to promote understanding and reconciliation with the peoples of the Soviet Union. Here he was involved in the realisation of various projects on the topics of forced labour, history (Minsk History Workshop) and Chernobyl aid.<\/p>\n\n\n\n<p>Personal contacts at the Minsk Forums organised by the dbg at IBB Minsk motivated him to join the society and, after many years of membership, also to assume responsibility on the board.<\/p>\n<\/div><figure class=\"wp-block-media-text__media\"><img loading=\"lazy\" decoding=\"async\" width=\"1024\" height=\"681\" src=\"https:\/\/www.dbg-online.org\/wp-content\/uploads\/2025\/01\/2024_MF_Fred-Dorn-1024x681.jpg\" alt=\"\" class=\"wp-image-5006 size-full\" srcset=\"https:\/\/www.dbg-online.org\/wp-content\/uploads\/2025\/01\/2024_MF_Fred-Dorn-1024x681.jpg 1024w, https:\/\/www.dbg-online.org\/wp-content\/uploads\/2025\/01\/2024_MF_Fred-Dorn-300x200.jpg 300w, https:\/\/www.dbg-online.org\/wp-content\/uploads\/2025\/01\/2024_MF_Fred-Dorn-768x511.jpg 768w, https:\/\/www.dbg-online.org\/wp-content\/uploads\/2025\/01\/2024_MF_Fred-Dorn-1536x1022.jpg 1536w, https:\/\/www.dbg-online.org\/wp-content\/uploads\/2025\/01\/2024_MF_Fred-Dorn.jpg 2000w\" sizes=\"auto, (max-width: 1024px) 100vw, 1024px\" \/><\/figure><\/div>\n\n\n\n<div style=\"height:0px\" aria-hidden=\"true\" class=\"wp-block-spacer\"><\/div>\n\n\n\n<h2 class=\"wp-block-heading\">Peter Liesegang<\/h2>\n\n\n\n<h3 class=\"wp-block-heading\">Treasurer<\/h3>\n\n\n\n<div class=\"wp-block-media-text alignwide is-stacked-on-mobile\"><figure class=\"wp-block-media-text__media\"><img loading=\"lazy\" decoding=\"async\" width=\"1024\" height=\"683\" src=\"https:\/\/www.dbg-online.org\/wp-content\/uploads\/2025\/01\/IMGM0742-1-1024x683.jpg\" alt=\"\" class=\"wp-image-5298 size-full\" srcset=\"https:\/\/www.dbg-online.org\/wp-content\/uploads\/2025\/01\/IMGM0742-1-1024x683.jpg 1024w, https:\/\/www.dbg-online.org\/wp-content\/uploads\/2025\/01\/IMGM0742-1-300x200.jpg 300w, https:\/\/www.dbg-online.org\/wp-content\/uploads\/2025\/01\/IMGM0742-1-768x512.jpg 768w, https:\/\/www.dbg-online.org\/wp-content\/uploads\/2025\/01\/IMGM0742-1-1536x1025.jpg 1536w, https:\/\/www.dbg-online.org\/wp-content\/uploads\/2025\/01\/IMGM0742-1.jpg 2000w\" sizes=\"auto, (max-width: 1024px) 100vw, 1024px\" \/><\/figure><div class=\"wp-block-media-text__content\">\n<p>Peter Liesegang is treasurer of the German-Belarusian Society. <\/p>\n\n\n\n<p>He studied economics at the University of Heidelberg and business administration at the European University Viadrina in Frankfurt an der Oder.<\/p>\n\n\n\n<p>He has been interested in Eastern Europe, especially Belarus, for many years and is involved in the civil society sector.<\/p>\n<\/div><\/div>\n\n\n\n<div style=\"height:63px\" aria-hidden=\"true\" class=\"wp-block-spacer\"><\/div>\n\n\n\n<h2 class=\"wp-block-heading\">Ale\u015b \u010caj\u010dyc<\/h2>\n\n\n\n<h3 class=\"wp-block-heading\">Board member<\/h3>\n\n\n\n<div class=\"wp-block-media-text alignwide is-stacked-on-mobile\"><figure class=\"wp-block-media-text__media\"><img loading=\"lazy\" decoding=\"async\" width=\"1024\" height=\"732\" src=\"https:\/\/www.dbg-online.org\/wp-content\/uploads\/2023\/10\/20231002-bmhub-minski-forum-2-1024x732.jpg\" alt=\"\" class=\"wp-image-3503 size-full\" srcset=\"https:\/\/www.dbg-online.org\/wp-content\/uploads\/2023\/10\/20231002-bmhub-minski-forum-2-1024x732.jpg 1024w, https:\/\/www.dbg-online.org\/wp-content\/uploads\/2023\/10\/20231002-bmhub-minski-forum-2-300x214.jpg 300w, https:\/\/www.dbg-online.org\/wp-content\/uploads\/2023\/10\/20231002-bmhub-minski-forum-2-768x549.jpg 768w, https:\/\/www.dbg-online.org\/wp-content\/uploads\/2023\/10\/20231002-bmhub-minski-forum-2-1536x1097.jpg 1536w, https:\/\/www.dbg-online.org\/wp-content\/uploads\/2023\/10\/20231002-bmhub-minski-forum-2-1120x800.jpg 1120w, https:\/\/www.dbg-online.org\/wp-content\/uploads\/2023\/10\/20231002-bmhub-minski-forum-2.jpg 2000w\" sizes=\"auto, (max-width: 1024px) 100vw, 1024px\" \/><\/figure><div class=\"wp-block-media-text__content\">\n<p>Ale\u015b \u010caj\u010dyc (\u0410\u043b\u0435\u0441\u044c \u0427\u0430\u0439\u0447\u044b\u0446) is a Board Member of the German-Belarusian Society. He is a public relations expert and a writer of Latvian and Belarusian descent. Born in Moscow into a diplomatic family and raised in Germany and Austria, he holds a degree in international economics from the Financial University in Moscow and undertook further education at the London School of Economics and the London Business School.<\/p>\n\n\n\n<p>For over 20 years, he has been a member and founder of various organisations and initiatives of the Belarusian diaspora in Russia, the United Kingdom, and Germany. He served as a member of the Grand Council of the World Union of Belarusians (<em>Ba\u0107ka\u016d\u0161\u010dyna<\/em>) from 2017 to 2021 and was a member of the Rada of the Belarusian Democratic Republic (<em>Rada BNR<\/em>) from 2013 to 2024. As a public commentator on politics and economics, he contributed to leading independent Belarusian media such as <em>Na\u0161a Niva<\/em>, <em>Radyjo Svaboda (RFE\/RL)<\/em>, and <em>Belsat<\/em>. He is also the author of two books on Russian and Soviet history in the 19th and 20th centuries.<\/p>\n\n\n\n<p>In 2018, he was awarded the Belarusian Democratic Republic Centenary Medal. He has been living in Bavaria with his family since 2022.<\/p>\n<\/div><\/div>\n\n\n\n<div style=\"height:63px\" aria-hidden=\"true\" class=\"wp-block-spacer\"><\/div>\n\n\n\n<h2 class=\"wp-block-heading\">Iryna Kalinovich<\/h2>\n\n\n\n<h3 class=\"wp-block-heading\">Board Member<\/h3>\n\n\n\n<div style=\"height:74px\" aria-hidden=\"true\" class=\"wp-block-spacer\"><\/div>\n\n\n\n<p> <div style=\"height:63px\" aria-hidden=\"true\" class=\"wp-block-spacer\"><\/div><\/p>\n\n\n\n<h2 class=\"wp-block-heading\">Johannes Rohr<\/h2>\n\n\n\n<h3 class=\"wp-block-heading\">Board Member<\/h3>\n\n\n\n<div class=\"wp-block-media-text alignwide has-media-on-the-right is-stacked-on-mobile\" style=\"grid-template-columns:auto 29%\"><div class=\"wp-block-media-text__content\">\n<p><\/p>\n<\/div><figure class=\"wp-block-media-text__media\"><\/figure><\/div>\n\n\n\n<p><\/p>\n","protected":false},"excerpt":{"rendered":"<p>Piet Mumm Chair of the Board On 5.5.2023, Piet Mumm took over the office of chairman of the German-Belarusian Society. He was one of the first six German community service volunteers in Belarus. As a volunteer for Aktion S\u00fchnezeichen \/ Friedensdienste, he worked for two years in a kindergarten in Minsk. After studying law in\u2026<\/p>\n","protected":false},"author":3,"featured_media":0,"parent":233,"menu_order":0,"comment_status":"closed","ping_status":"closed","template":"","meta":{"_acf_changed":false,"inline_featured_image":false,"footnotes":""},"class_list":["post-231","page","type-page","status-publish","hentry"],"acf":[],"_links":{"self":[{"href":"https:\/\/www.dbg-online.org\/en\/wp-json\/wp\/v2\/pages\/231","targetHints":{"allow":["GET"]}}],"collection":[{"href":"https:\/\/www.dbg-online.org\/en\/wp-json\/wp\/v2\/pages"}],"about":[{"href":"https:\/\/www.dbg-online.org\/en\/wp-json\/wp\/v2\/types\/page"}],"author":[{"embeddable":true,"href":"https:\/\/www.dbg-online.org\/en\/wp-json\/wp\/v2\/users\/3"}],"replies":[{"embeddable":true,"href":"https:\/\/www.dbg-online.org\/en\/wp-json\/wp\/v2\/comments?post=231"}],"version-history":[{"count":46,"href":"https:\/\/www.dbg-online.org\/en\/wp-json\/wp\/v2\/pages\/231\/revisions"}],"predecessor-version":[{"id":5787,"href":"https:\/\/www.dbg-online.org\/en\/wp-json\/wp\/v2\/pages\/231\/revisions\/5787"}],"up":[{"embeddable":true,"href":"https:\/\/www.dbg-online.org\/en\/wp-json\/wp\/v2\/pages\/233"}],"wp:attachment":[{"href":"https:\/\/www.dbg-online.org\/en\/wp-json\/wp\/v2\/media?parent=231"}],"curies":[{"name":"wp","href":"https:\/\/api.w.org\/{rel}","templated":true}]}}